{"id":23177,"date":"2023-11-22T09:24:36","date_gmt":"2023-11-22T08:24:36","guid":{"rendered":"https:\/\/saroiv.com\/product\/ampoule-repair-active-night-7-x-2-ml\/"},"modified":"2025-01-12T15:30:12","modified_gmt":"2025-01-12T14:30:12","slug":"ampoule-repair-active-night-7-x-2-ml","status":"publish","type":"product","link":"https:\/\/saroiv.com\/de\/product\/ampoule-repair-active-night-7-x-2-ml\/","title":{"rendered":"Ampulle Repair Active Night, 7 x 2 ml"},"content":{"rendered":"<p>Eine Mischung aus Wirkstoffen, angereichert mit Ceramid-Komplex, <strong>stellt die Haut \u00fcber Nacht wieder her, verbessert die Barrierefunktion der Haut und reduziert Falten<\/strong> \u2013 mit sp\u00fcrbaren Effekten am Morgen. Nachts, wenn wir schlafen, ist die Haut aktiv und durchl\u00e4uft einen intensiven Regenerationsprozess. Die Ampullen stimulieren diesen Prozess und die Haut wird dadurch widerstandsf\u00e4higer gegen die t\u00e4glichen Herausforderungen.<\/p>\n<p>Der Ceramid-Komplex hilft der Haut, nat\u00fcrlich vorkommende Lipide wiederherzustellen, was sich positiv auf die Hautschutzbarriere auswirkt und au\u00dferdem den Feuchtigkeitsgehalt der Haut reguliert. F\u00fcr die Feuchtigkeitsversorgung sorgt ein Extrakt aus Sedum, der nachts die Bildung von Harnstoff in der Haut anregt, der f\u00fcr eine gute Feuchtigkeitsversorgung unbedingt notwendig ist. Passionsblumen\u00f6l hat eine Anti-Aging-Wirkung und regt die Bildung von Kollagen und Elastin an, die der Haut Festigkeit und Elastizit\u00e4t verleihen. Die Haut wird nach der Anwendung regeneriert.<\/p>\n<p><strong>Was sind Wirkstoffkonzentrate \u2013 Ampullen?<\/strong><\/p>\n<ul>\n<li>Wirkstoffe in idealer Konzentration (2 ml),<\/li>\n<li>hohe Wirkstoffkonzentration,<\/li>\n<li>angepasst an intensive Sch\u00f6nheitstherapien,<\/li>\n<li>sofortige Wirkung,<\/li>\n<li>t\u00e4gliches Sch\u00f6nheitselixier,<\/li>\n<li>Einzeldosisverpackung, Glas, sterile Verpackung, die den h\u00f6chsten Schutz der Wirkstoffe bietet.<\/li>\n<\/ul>","protected":false},"excerpt":{"rendered":"<p><strong>Active Night Ampullen sind wie ein Sch\u00f6nheitsschlaf, den die Haut zur Regeneration braucht.<\/strong><\/p>","protected":false},"featured_media":23302,"template":"","meta":[],"product_cat":[205,202],"product_tag":[],"class_list":["post-23177","product","type-product","status-publish","has-post-thumbnail","hentry","product_cat-ampule-in-koncentrati","product_cat-babor"],"_links":{"self":[{"href":"https:\/\/saroiv.com\/de\/wp-json\/wp\/v2\/product\/23177","targetHints":{"allow":["GET"]}}],"collection":[{"href":"https:\/\/saroiv.com\/de\/wp-json\/wp\/v2\/product"}],"about":[{"href":"https:\/\/saroiv.com\/de\/wp-json\/wp\/v2\/types\/product"}],"wp:featuredmedia":[{"embeddable":true,"href":"https:\/\/saroiv.com\/de\/wp-json\/wp\/v2\/media\/23302"}],"wp:attachment":[{"href":"https:\/\/saroiv.com\/de\/wp-json\/wp\/v2\/media?parent=23177"}],"wp:term":[{"taxonomy":"product_cat","embeddable":true,"href":"https:\/\/saroiv.com\/de\/wp-json\/wp\/v2\/product_cat?post=23177"},{"taxonomy":"product_tag","embeddable":true,"href":"https:\/\/saroiv.com\/de\/wp-json\/wp\/v2\/product_tag?post=23177"}],"curies":[{"name":"wp","href":"https:\/\/api.w.org\/{rel}","templated":true}]}}