{"id":23179,"date":"2023-11-22T09:24:36","date_gmt":"2023-11-22T08:24:36","guid":{"rendered":"https:\/\/saroiv.com\/product\/ampoule-sos-active-purifier-7-x-2-ml\/"},"modified":"2025-01-12T15:27:57","modified_gmt":"2025-01-12T14:27:57","slug":"ampoule-sos-active-purifier-7-x-2-ml","status":"publish","type":"product","link":"https:\/\/saroiv.com\/de\/product\/ampoule-sos-active-purifier-7-x-2-ml\/","title":{"rendered":"Ampulle Sos Active Purifier, 7 x 2 ml"},"content":{"rendered":"<p><strong>Die Ampullen mattieren die Haut und regulieren die Talgsekretion der Haut.<\/strong> Sie enthalten Wirkstoffe, die \u00fcbersch\u00fcssigen Talg absorbieren, den Hautreinigungsprozess unterst\u00fctzen und so der Entstehung neuer Pickel vorbeugen. Teebaum\u00f6l und Schiefer\u00f6l sind die Hauptbestandteile des Wirkstoffkomplexes der Ampullen, der antibakteriell wirkt. Mit Hilfe des Komplexes beseitigt die Haut bestehende Unregelm\u00e4\u00dfigkeiten schneller und beugt zudem der Entstehung neuer Unregelm\u00e4\u00dfigkeiten vor. Unregelm\u00e4\u00dfigkeiten wie Pickel und Mitesser gehen h\u00e4ufig mit einer \u00fcberm\u00e4\u00dfigen Talgsekretion einher, die vom Babassu-Puder absorbiert wird und zu einer sichtbar mattierten Haut f\u00fchrt. Die Ampullen enthalten au\u00dferdem Panthenol, das die Haut beruhigt und mit Feuchtigkeit versorgt.<\/p>\n<p><strong>Was sind Wirkstoffkonzentrate \u2013 Ampullen?<\/strong><\/p>\n<ul>\n<li>Wirkstoffe in idealer Konzentration (2 ml),<\/li>\n<li>hohe Wirkstoffkonzentration,<\/li>\n<li>angepasst an intensive Sch\u00f6nheitstherapien,<\/li>\n<li>sofortige Wirkung,<\/li>\n<li>t\u00e4gliches Sch\u00f6nheitselixier,<\/li>\n<li>Einzeldosisverpackung, Glas, sterile Verpackung, die den h\u00f6chsten Schutz der Wirkstoffe bietet.<\/li>\n<\/ul>","protected":false},"excerpt":{"rendered":"<p><strong>Active Purifyier Ampullen wirken wirksam gegen Unregelm\u00e4\u00dfigkeiten wie Akne und Pickel sowie \u00fcberm\u00e4\u00dfig fettige Haut.<\/strong> Bereits nach 7 Tagen ist die Haut reiner und die Unregelm\u00e4\u00dfigkeiten sind gemindert.<\/p>","protected":false},"featured_media":23304,"template":"","meta":[],"product_cat":[205,202],"product_tag":[],"class_list":["post-23179","product","type-product","status-publish","has-post-thumbnail","hentry","product_cat-ampule-in-koncentrati","product_cat-babor"],"_links":{"self":[{"href":"https:\/\/saroiv.com\/de\/wp-json\/wp\/v2\/product\/23179","targetHints":{"allow":["GET"]}}],"collection":[{"href":"https:\/\/saroiv.com\/de\/wp-json\/wp\/v2\/product"}],"about":[{"href":"https:\/\/saroiv.com\/de\/wp-json\/wp\/v2\/types\/product"}],"wp:featuredmedia":[{"embeddable":true,"href":"https:\/\/saroiv.com\/de\/wp-json\/wp\/v2\/media\/23304"}],"wp:attachment":[{"href":"https:\/\/saroiv.com\/de\/wp-json\/wp\/v2\/media?parent=23179"}],"wp:term":[{"taxonomy":"product_cat","embeddable":true,"href":"https:\/\/saroiv.com\/de\/wp-json\/wp\/v2\/product_cat?post=23179"},{"taxonomy":"product_tag","embeddable":true,"href":"https:\/\/saroiv.com\/de\/wp-json\/wp\/v2\/product_tag?post=23179"}],"curies":[{"name":"wp","href":"https:\/\/api.w.org\/{rel}","templated":true}]}}