{"id":23181,"date":"2023-11-22T09:24:36","date_gmt":"2023-11-22T08:24:36","guid":{"rendered":"https:\/\/saroiv.com\/product\/babor-men-calming-after-shave-serum-50-ml\/"},"modified":"2025-01-12T15:38:05","modified_gmt":"2025-01-12T14:38:05","slug":"babor-men-calming-after-shave-serum-50-ml","status":"publish","type":"product","link":"https:\/\/saroiv.com\/de\/product\/babor-men-calming-after-shave-serum-50-ml\/","title":{"rendered":"Babor Men Beruhigendes After-Shave-Serum, 50 ml"},"content":{"rendered":"<p>Die leichte Textur der Formulierung, die <strong>Zieht schnell ein und hinterl\u00e4sst keinen Fettglanz.<\/strong> Keine Farbstoffe.<\/p>\n<p>Alles <strong>bis zu 90% Inhaltsstoffe nat\u00fcrlichen Ursprungs.<\/strong> Die Wirkstoffe sorgen f\u00fcr eine erh\u00f6hte Kapazit\u00e4t der Hautzellen und einen erh\u00f6hten Widerstand der Haut, Regeneration und Erneuerung der Haut, intensive und langanhaltende Feuchtigkeitsversorgung und eine erh\u00f6hte Widerstandsf\u00e4higkeit der Hautzellen gegen Stress.<\/p>\n<p>Die Formulierung enth\u00e4lt einen Komplex<strong> \u201eTAUREC-Komplex\u201c<\/strong> und Magnolienextrakt.<\/p>","protected":false},"excerpt":{"rendered":"<p><strong>Beruhigendes After-Shave-Gesichtsserum f\u00fcr M\u00e4nner.\u00a0<\/strong><\/p>","protected":false},"featured_media":23270,"template":"","meta":[],"product_cat":[202,204],"product_tag":[],"class_list":["post-23181","product","type-product","status-publish","has-post-thumbnail","hentry","product_cat-babor","product_cat-serumi"],"_links":{"self":[{"href":"https:\/\/saroiv.com\/de\/wp-json\/wp\/v2\/product\/23181","targetHints":{"allow":["GET"]}}],"collection":[{"href":"https:\/\/saroiv.com\/de\/wp-json\/wp\/v2\/product"}],"about":[{"href":"https:\/\/saroiv.com\/de\/wp-json\/wp\/v2\/types\/product"}],"wp:featuredmedia":[{"embeddable":true,"href":"https:\/\/saroiv.com\/de\/wp-json\/wp\/v2\/media\/23270"}],"wp:attachment":[{"href":"https:\/\/saroiv.com\/de\/wp-json\/wp\/v2\/media?parent=23181"}],"wp:term":[{"taxonomy":"product_cat","embeddable":true,"href":"https:\/\/saroiv.com\/de\/wp-json\/wp\/v2\/product_cat?post=23181"},{"taxonomy":"product_tag","embeddable":true,"href":"https:\/\/saroiv.com\/de\/wp-json\/wp\/v2\/product_tag?post=23181"}],"curies":[{"name":"wp","href":"https:\/\/api.w.org\/{rel}","templated":true}]}}