{"id":23187,"date":"2023-11-22T09:24:36","date_gmt":"2023-11-22T08:24:36","guid":{"rendered":"https:\/\/saroiv.com\/product\/cleansing-clarifying-peeling-cream-50-ml\/"},"modified":"2025-01-12T15:41:00","modified_gmt":"2025-01-12T14:41:00","slug":"cleansing-clarifying-peeling-cream-50-ml","status":"publish","type":"product","link":"https:\/\/saroiv.com\/de\/product\/cleansing-clarifying-peeling-cream-50-ml\/","title":{"rendered":"Reinigende, kl\u00e4rende Peelingcreme, 50 ml"},"content":{"rendered":"<p>WIRKUNG: Kombination aus feinen nat\u00fcrlichen Peelingpartikeln aus Aprikosenkern\u00f6l und sanften AHA- und BHA-S\u00e4uren pflanzlichen Ursprungs, <strong>Entfernt abgestorbene Hautzellen und Unreinheiten tief in den Poren und reduziert Hautunreinheiten.<\/strong><\/p>\n<p><strong>Es tr\u00e4gt zur Verbesserung der Hautregeneration bei<\/strong> und tr\u00e4gt so zur Hautverj\u00fcngung bei. Glycerin unterst\u00fctzt den Feuchtigkeitshaushalt der Haut. Proteinextrakt aus Moringasamen sch\u00fctzt die Haut vor den negativen Faktoren der st\u00e4dtischen Umwelt.<\/p>","protected":false},"excerpt":{"rendered":"<p><strong>Peeling f\u00fcr fettige Haut,<\/strong> neigt zu Unregelm\u00e4\u00dfigkeiten, kombiniert mechanisches und chemisches Peeling <strong>f\u00fcr sichtbar verwandelte und reine Haut.<\/strong><\/p>","protected":false},"featured_media":23325,"template":"","meta":[],"product_cat":[202,211],"product_tag":[],"class_list":["post-23187","product","type-product","status-publish","has-post-thumbnail","hentry","product_cat-babor","product_cat-pilingi"],"_links":{"self":[{"href":"https:\/\/saroiv.com\/de\/wp-json\/wp\/v2\/product\/23187","targetHints":{"allow":["GET"]}}],"collection":[{"href":"https:\/\/saroiv.com\/de\/wp-json\/wp\/v2\/product"}],"about":[{"href":"https:\/\/saroiv.com\/de\/wp-json\/wp\/v2\/types\/product"}],"wp:featuredmedia":[{"embeddable":true,"href":"https:\/\/saroiv.com\/de\/wp-json\/wp\/v2\/media\/23325"}],"wp:attachment":[{"href":"https:\/\/saroiv.com\/de\/wp-json\/wp\/v2\/media?parent=23187"}],"wp:term":[{"taxonomy":"product_cat","embeddable":true,"href":"https:\/\/saroiv.com\/de\/wp-json\/wp\/v2\/product_cat?post=23187"},{"taxonomy":"product_tag","embeddable":true,"href":"https:\/\/saroiv.com\/de\/wp-json\/wp\/v2\/product_tag?post=23187"}],"curies":[{"name":"wp","href":"https:\/\/api.w.org\/{rel}","templated":true}]}}