{"id":23193,"date":"2023-11-22T09:24:37","date_gmt":"2023-11-22T08:24:37","guid":{"rendered":"https:\/\/saroiv.com\/product\/cleansing-hy-ol-phyto-booster-balancing-set\/"},"modified":"2025-01-12T15:22:24","modified_gmt":"2025-01-12T14:22:24","slug":"cleansing-hy-ol-phyto-booster-balancing-set","status":"publish","type":"product","link":"https:\/\/saroiv.com\/de\/product\/cleansing-hy-ol-phyto-booster-balancing-set\/","title":{"rendered":"Reinigendes Hy-Ol &amp; Phyto Booster Ausgleichsset"},"content":{"rendered":"<p>WIRKUNG: <strong>Reinigendes Hy-\u0150l<\/strong> enth\u00e4lt eine Kombination aus nat\u00fcrlichen \u00d6len (Soja-, Sesam- und Erdnuss\u00f6l) und hat hydrophile Eigenschaften, w\u00e4hrend der \u201eQuillaje\u201c-Extrakt wie ein Magnet Schmutz anzieht und <strong>entfernt alle Arten von Verunreinigungen,<\/strong> sowohl \u00f6l- als auch wasserl\u00f6sliche Schmutzpartikel. Die sanfte Formel mit Vitamin E und Bisabolol sorgt f\u00fcr eine intakte Hautbarriere und ein ausgeglichenes Mikrobiom.<\/p>\n<p><strong>Phyto HY-\u00d6L Booster Balancing<\/strong> ist eine pflegende Erg\u00e4nzung zur Reinigung bei fettiger und Mischhaut. Die Haut wird dank Salbei, Kamille und Bio-Holunder erneut gereinigt, w\u00e4hrend pflegende Extrakte f\u00fcr die intakte Hautbarriere sorgen \u2013 <strong>die Haut wirkt ausgeglichener und tiefengereinigt.<\/strong><\/p>\n<p>Proteinextrakt aus Moringasamen sch\u00fctzt die Haut vor den negativen Faktoren der st\u00e4dtischen Umwelt. Der harmonisierende Duft entspannt die Sinne.<\/p>","protected":false},"excerpt":{"rendered":"<p><strong>BABOR \u201eDreamteam\u201c:<\/strong> Eine revolution\u00e4re, preisgekr\u00f6nte und pflegende Zwei-Phasen-Tiefenreinigungsroutine mit <strong>HY-\u00d6L-Reiniger<\/strong> und Pflegeerg\u00e4nzungsmittel<strong> Phyto HY-\u00d6L\u00ae Booster Balancing.<\/strong><\/p>\n<p>Das ikonische Symbol der BABOR Gesichtsreiniger zeichnet sich durch eine effektive und hautfreundliche Reinigung aus.<\/p>","protected":false},"featured_media":23322,"template":"","meta":[],"product_cat":[202,209,210],"product_tag":[],"class_list":["post-23193","product","type-product","status-publish","has-post-thumbnail","hentry","product_cat-babor","product_cat-cistila-za-obraz","product_cat-seti"],"_links":{"self":[{"href":"https:\/\/saroiv.com\/de\/wp-json\/wp\/v2\/product\/23193","targetHints":{"allow":["GET"]}}],"collection":[{"href":"https:\/\/saroiv.com\/de\/wp-json\/wp\/v2\/product"}],"about":[{"href":"https:\/\/saroiv.com\/de\/wp-json\/wp\/v2\/types\/product"}],"wp:featuredmedia":[{"embeddable":true,"href":"https:\/\/saroiv.com\/de\/wp-json\/wp\/v2\/media\/23322"}],"wp:attachment":[{"href":"https:\/\/saroiv.com\/de\/wp-json\/wp\/v2\/media?parent=23193"}],"wp:term":[{"taxonomy":"product_cat","embeddable":true,"href":"https:\/\/saroiv.com\/de\/wp-json\/wp\/v2\/product_cat?post=23193"},{"taxonomy":"product_tag","embeddable":true,"href":"https:\/\/saroiv.com\/de\/wp-json\/wp\/v2\/product_tag?post=23193"}],"curies":[{"name":"wp","href":"https:\/\/api.w.org\/{rel}","templated":true}]}}