{"id":23197,"date":"2023-11-22T09:24:37","date_gmt":"2023-11-22T08:24:37","guid":{"rendered":"https:\/\/saroiv.com\/product\/cleansing-hy-ol-cleanser-200-ml\/"},"modified":"2025-01-12T15:26:24","modified_gmt":"2025-01-12T14:26:24","slug":"cleansing-hy-ol-cleanser-200-ml","status":"publish","type":"product","link":"https:\/\/saroiv.com\/de\/product\/cleansing-hy-ol-cleanser-200-ml\/","title":{"rendered":"Reinigender Hy-Ol-Reiniger, 200 ml"},"content":{"rendered":"<p>WIRKUNG: Die Kombination nat\u00fcrlicher \u00d6le (Soja-, Sesam- und Erdnuss\u00f6l) hat hydrophile Eigenschaften, w\u00e4hrend der \u201eQuillaje\u201c-Extrakt wie ein Magnet Schmutz anzieht und <strong>entfernt alle Arten von Verunreinigungen<\/strong>, sowohl in \u00f6l- als auch in wasserl\u00f6slichen Schmutzpartikeln.<\/p>\n<p>Die sanfte Formel mit Vitamin E und Bisabolol sorgt f\u00fcr eine intakte Hautbarriere und ein ausgeglichenes Mikrobiom. Zusammen mit Phyto HY-\u00d6L Booster \u2013 einem phytoaktiven Nahrungserg\u00e4nzungsmittel, das speziell f\u00fcr einen bestimmten Hauttyp entwickelt wurde \u2013 ist dies der Fall <strong>Die Haut wird gen\u00e4hrt und vor den negativen Faktoren der st\u00e4dtischen Umwelt gesch\u00fctzt.<\/strong><\/p>","protected":false},"excerpt":{"rendered":"<p><strong>BABORs revolution\u00e4re, mehrfach preisgekr\u00f6nte und pflegende Zwei-Phasen-Formel zur Tiefenreinigung.<\/strong><\/p>","protected":false},"featured_media":23377,"template":"","meta":[],"product_cat":[202,209],"product_tag":[],"class_list":["post-23197","product","type-product","status-publish","has-post-thumbnail","hentry","product_cat-babor","product_cat-cistila-za-obraz"],"_links":{"self":[{"href":"https:\/\/saroiv.com\/de\/wp-json\/wp\/v2\/product\/23197","targetHints":{"allow":["GET"]}}],"collection":[{"href":"https:\/\/saroiv.com\/de\/wp-json\/wp\/v2\/product"}],"about":[{"href":"https:\/\/saroiv.com\/de\/wp-json\/wp\/v2\/types\/product"}],"wp:featuredmedia":[{"embeddable":true,"href":"https:\/\/saroiv.com\/de\/wp-json\/wp\/v2\/media\/23377"}],"wp:attachment":[{"href":"https:\/\/saroiv.com\/de\/wp-json\/wp\/v2\/media?parent=23197"}],"wp:term":[{"taxonomy":"product_cat","embeddable":true,"href":"https:\/\/saroiv.com\/de\/wp-json\/wp\/v2\/product_cat?post=23197"},{"taxonomy":"product_tag","embeddable":true,"href":"https:\/\/saroiv.com\/de\/wp-json\/wp\/v2\/product_tag?post=23197"}],"curies":[{"name":"wp","href":"https:\/\/api.w.org\/{rel}","templated":true}]}}