{"id":23198,"date":"2023-11-22T09:24:37","date_gmt":"2023-11-22T08:24:37","guid":{"rendered":"https:\/\/saroiv.com\/product\/cleansing-natural-cleansing-bar-refill-65-g\/"},"modified":"2025-01-12T15:27:17","modified_gmt":"2025-01-12T14:27:17","slug":"cleansing-natural-cleansing-bar-refill-65-g","status":"publish","type":"product","link":"https:\/\/saroiv.com\/de\/product\/cleansing-natural-cleansing-bar-refill-65-g\/","title":{"rendered":"Cleansing Natural Cleansing Bar Nachf\u00fcllpackung, 65 g"},"content":{"rendered":"<p>WIRKUNG: Seifen- und parf\u00fcmfreie Formel mit verw\u00f6hnenden Extrakten aus Akazie und W\u00fcstendattel <strong>reinigt die Haut ohne R\u00fcckst\u00e4nde zu hinterlassen,<\/strong> w\u00e4hrend Aloe Vera zus\u00e4tzliche Feuchtigkeit spendet und Baobab\u00f6l die Lipide wiederherstellt.<\/p>","protected":false},"excerpt":{"rendered":"<p><strong>BABORs erste Hartseife: Die seifen- und parf\u00fcmfreie Formel reinigt die Haut ohne R\u00fcckst\u00e4nde zu hinterlassen.<\/strong><\/p>","protected":false},"featured_media":23396,"template":"","meta":[],"product_cat":[202,209],"product_tag":[],"class_list":["post-23198","product","type-product","status-publish","has-post-thumbnail","hentry","product_cat-babor","product_cat-cistila-za-obraz"],"_links":{"self":[{"href":"https:\/\/saroiv.com\/de\/wp-json\/wp\/v2\/product\/23198","targetHints":{"allow":["GET"]}}],"collection":[{"href":"https:\/\/saroiv.com\/de\/wp-json\/wp\/v2\/product"}],"about":[{"href":"https:\/\/saroiv.com\/de\/wp-json\/wp\/v2\/types\/product"}],"wp:featuredmedia":[{"embeddable":true,"href":"https:\/\/saroiv.com\/de\/wp-json\/wp\/v2\/media\/23396"}],"wp:attachment":[{"href":"https:\/\/saroiv.com\/de\/wp-json\/wp\/v2\/media?parent=23198"}],"wp:term":[{"taxonomy":"product_cat","embeddable":true,"href":"https:\/\/saroiv.com\/de\/wp-json\/wp\/v2\/product_cat?post=23198"},{"taxonomy":"product_tag","embeddable":true,"href":"https:\/\/saroiv.com\/de\/wp-json\/wp\/v2\/product_tag?post=23198"}],"curies":[{"name":"wp","href":"https:\/\/api.w.org\/{rel}","templated":true}]}}