{"id":23200,"date":"2023-11-22T09:24:37","date_gmt":"2023-11-22T08:24:37","guid":{"rendered":"https:\/\/saroiv.com\/product\/cleansing-phyto-hy-ol-booster-calming-100-ml\/"},"modified":"2025-01-12T15:18:47","modified_gmt":"2025-01-12T14:18:47","slug":"cleansing-phyto-hy-ol-booster-calming-100-ml","status":"publish","type":"product","link":"https:\/\/saroiv.com\/de\/product\/cleansing-phyto-hy-ol-booster-calming-100-ml\/","title":{"rendered":"Reinigender Phyto Hy-Ol Booster Beruhigend, 100 ml"},"content":{"rendered":"<p>WIRKUNG: Phyto HY-\u00d6L Booster Beruhigend f\u00fcr empfindliche Haut mit ausgew\u00e4hlten Bio-Extrakten aus Kamille, Arnika und Ringelblume. <strong>Bereits bei der Reinigung wird die Haut beruhigt und sanft gepflegt.<\/strong> Moringa-Samen-Proteinextrakt <strong>sch\u00fctzt die Haut vor den negativen Faktoren der st\u00e4dtischen Umwelt.<\/strong> Der wohltuende Duft l\u00e4sst Sie vollkommen entspannen.<\/p>","protected":false},"excerpt":{"rendered":"<p><strong>BABOR HY-\u00d6L\u00ae Zwei-Phasen-Reinigungspflege-Erg\u00e4nzung f\u00fcr empfindliche Haut.<\/strong> Der Reinigungsprozess unterst\u00fctzt eine intakte Hautbarriere und ein ausgeglichenes Mikrobiom.<\/p>","protected":false},"featured_media":23379,"template":"","meta":[],"product_cat":[202,209],"product_tag":[],"class_list":["post-23200","product","type-product","status-publish","has-post-thumbnail","hentry","product_cat-babor","product_cat-cistila-za-obraz"],"_links":{"self":[{"href":"https:\/\/saroiv.com\/de\/wp-json\/wp\/v2\/product\/23200","targetHints":{"allow":["GET"]}}],"collection":[{"href":"https:\/\/saroiv.com\/de\/wp-json\/wp\/v2\/product"}],"about":[{"href":"https:\/\/saroiv.com\/de\/wp-json\/wp\/v2\/types\/product"}],"wp:featuredmedia":[{"embeddable":true,"href":"https:\/\/saroiv.com\/de\/wp-json\/wp\/v2\/media\/23379"}],"wp:attachment":[{"href":"https:\/\/saroiv.com\/de\/wp-json\/wp\/v2\/media?parent=23200"}],"wp:term":[{"taxonomy":"product_cat","embeddable":true,"href":"https:\/\/saroiv.com\/de\/wp-json\/wp\/v2\/product_cat?post=23200"},{"taxonomy":"product_tag","embeddable":true,"href":"https:\/\/saroiv.com\/de\/wp-json\/wp\/v2\/product_tag?post=23200"}],"curies":[{"name":"wp","href":"https:\/\/api.w.org\/{rel}","templated":true}]}}