{"id":23202,"date":"2023-11-22T09:24:37","date_gmt":"2023-11-22T08:24:37","guid":{"rendered":"https:\/\/saroiv.com\/product\/cleansing-phyto-hy-ol-booster-reactivating-100-ml\/"},"modified":"2025-01-12T15:02:35","modified_gmt":"2025-01-12T14:02:35","slug":"cleansing-phyto-hy-ol-booster-reactivating-100-ml","status":"publish","type":"product","link":"https:\/\/saroiv.com\/de\/product\/cleansing-phyto-hy-ol-booster-reactivating-100-ml\/","title":{"rendered":"Reinigender Phyto Hy-\u00d6l Booster Reaktivierend, 100 ml"},"content":{"rendered":"<p>WIRKUNG: F\u00fcr strapazierte und regenerationsbed\u00fcrftige Haut. Phyto HY-\u00d6L Booster Reaktivierend <strong>revitalisiert und verw\u00f6hnt die Haut mit ausgew\u00e4hlten Extrakten aus wei\u00dfem Tee, Ginseng und Ginkgo biloba.<\/strong> Moringa-Samen-Proteinextrakt<strong> sch\u00fctzt die Haut vor den negativen Faktoren der st\u00e4dtischen Umwelt.<\/strong> Ein belebender Duft weckt die Sinne.<\/p>","protected":false},"excerpt":{"rendered":"<p><strong>BABOR HY-\u00d6L\u00ae Zweiphasen-Reinigungspflege-Erg\u00e4nzung f\u00fcr d\u00fcnne und m\u00fcde Haut.<\/strong> Der Reinigungsprozess unterst\u00fctzt eine intakte Hautbarriere und ein ausgeglichenes Mikrobiom.<\/p>","protected":false},"featured_media":23378,"template":"","meta":[],"product_cat":[202,209],"product_tag":[],"class_list":["post-23202","product","type-product","status-publish","has-post-thumbnail","hentry","product_cat-babor","product_cat-cistila-za-obraz"],"_links":{"self":[{"href":"https:\/\/saroiv.com\/de\/wp-json\/wp\/v2\/product\/23202","targetHints":{"allow":["GET"]}}],"collection":[{"href":"https:\/\/saroiv.com\/de\/wp-json\/wp\/v2\/product"}],"about":[{"href":"https:\/\/saroiv.com\/de\/wp-json\/wp\/v2\/types\/product"}],"wp:featuredmedia":[{"embeddable":true,"href":"https:\/\/saroiv.com\/de\/wp-json\/wp\/v2\/media\/23378"}],"wp:attachment":[{"href":"https:\/\/saroiv.com\/de\/wp-json\/wp\/v2\/media?parent=23202"}],"wp:term":[{"taxonomy":"product_cat","embeddable":true,"href":"https:\/\/saroiv.com\/de\/wp-json\/wp\/v2\/product_cat?post=23202"},{"taxonomy":"product_tag","embeddable":true,"href":"https:\/\/saroiv.com\/de\/wp-json\/wp\/v2\/product_tag?post=23202"}],"curies":[{"name":"wp","href":"https:\/\/api.w.org\/{rel}","templated":true}]}}