{"id":23203,"date":"2023-11-22T09:24:37","date_gmt":"2023-11-22T08:24:37","guid":{"rendered":"https:\/\/saroiv.com\/product\/cleansing-refining-enzyme-vitamin-c-cleanser-40-g\/"},"modified":"2025-01-12T15:03:42","modified_gmt":"2025-01-12T14:03:42","slug":"cleansing-refining-enzyme-vitamin-c-cleanser-40-g","status":"publish","type":"product","link":"https:\/\/saroiv.com\/de\/product\/cleansing-refining-enzyme-vitamin-c-cleanser-40-g\/","title":{"rendered":"Reinigender, verfeinernder Enzym- und Vitamin-C-Reiniger, 40 g"},"content":{"rendered":"<p>WIRKUNG: <strong>Das Zwei-in-Eins-Pulver reinigt die Haut und entfernt abgestorbene Zellen auf der Epidermis in einem Schritt:<\/strong> Dank ihrer keratolytischen Wirkung entfernen die Enzyme effektiv abgestorbene Hautpartikel, Schmutz und Talg.<\/p>\n<p><strong>Ein sanfter Peelingeffekt revitalisiert die Haut.<\/strong> Proteinextrakt aus Moringasamen sch\u00fctzt die Haut vor den negativen Faktoren der st\u00e4dtischen Umwelt. Das im Produkt enthaltene Vitamin C sorgt f\u00fcr eine strahlende Haut.<\/p>","protected":false},"excerpt":{"rendered":"<p><strong>Ein hervorragendes Reinigungs- und Peelingpulver f\u00fcr jeden Hauttyp mit enzymaktivierter keratolytischer Wirkung.<\/strong><\/p>\n<p>Entfernt effektiv Schmutzpartikel, \u00fcbersch\u00fcssigen Talg und abgestorbene Hautzellen.<\/p>","protected":false},"featured_media":23391,"template":"","meta":[],"product_cat":[202,209],"product_tag":[],"class_list":["post-23203","product","type-product","status-publish","has-post-thumbnail","hentry","product_cat-babor","product_cat-cistila-za-obraz"],"_links":{"self":[{"href":"https:\/\/saroiv.com\/de\/wp-json\/wp\/v2\/product\/23203","targetHints":{"allow":["GET"]}}],"collection":[{"href":"https:\/\/saroiv.com\/de\/wp-json\/wp\/v2\/product"}],"about":[{"href":"https:\/\/saroiv.com\/de\/wp-json\/wp\/v2\/types\/product"}],"wp:featuredmedia":[{"embeddable":true,"href":"https:\/\/saroiv.com\/de\/wp-json\/wp\/v2\/media\/23391"}],"wp:attachment":[{"href":"https:\/\/saroiv.com\/de\/wp-json\/wp\/v2\/media?parent=23203"}],"wp:term":[{"taxonomy":"product_cat","embeddable":true,"href":"https:\/\/saroiv.com\/de\/wp-json\/wp\/v2\/product_cat?post=23203"},{"taxonomy":"product_tag","embeddable":true,"href":"https:\/\/saroiv.com\/de\/wp-json\/wp\/v2\/product_tag?post=23203"}],"curies":[{"name":"wp","href":"https:\/\/api.w.org\/{rel}","templated":true}]}}