{"id":23206,"date":"2023-11-22T09:24:37","date_gmt":"2023-11-22T08:24:37","guid":{"rendered":"https:\/\/saroiv.com\/product\/skinovage-balancing-cream-50-ml\/"},"modified":"2025-01-12T15:07:07","modified_gmt":"2025-01-12T14:07:07","slug":"skinovage-balancing-cream-50-ml","status":"publish","type":"product","link":"https:\/\/saroiv.com\/de\/product\/skinovage-balancing-cream-50-ml\/","title":{"rendered":"Skinovage Ausgleichscreme, 50 ml"},"content":{"rendered":"<p><strong>Die Inhaltsstoffe der Creme sind f\u00fcr die spezifische Pflege von Mischhaut bestimmt, die feuchtigkeitsspendend und talgregulierend sein muss, damit die Haut gen\u00e4hrt und ausgeglichen werden kann.<\/strong> Alpenrosenextrakt unterst\u00fctzt den Abtransport von Schadstoffen aus der Haut und sch\u00fctzt die Haut zudem vor oxidativem Stress und damit vor vorzeitiger Hautalterung.<\/p>\n<p>Die feuchtigkeitsspendende Wirkung der Creme wird durch marine Polysaccharide verst\u00e4rkt, die zudem die Haut beruhigen und sch\u00fctzen. Pflanzenextrakt aus Annatto-Samen sorgt f\u00fcr eine wirksame Reduzierung \u00fcberm\u00e4\u00dfiger Talgsekretion und vergr\u00f6\u00dferter Poren. Dar\u00fcber hinaus regulieren die Samen eine \u00fcberm\u00e4\u00dfige Verhornung der Hautzellen, wodurch die Bildung verstopfter Poren, die zu Akne f\u00fchren k\u00f6nnen, reduziert wird.<\/p>\n<p>Unterst\u00fctzt wird die Wirkung der Creme durch Reisst\u00e4rke, die die Haut mattiert. Trockene Stellen an den Wangen und um die Augen werden reichhaltig mit Feuchtigkeit versorgt, wof\u00fcr nat\u00fcrliche Biopolymere sorgen. Vitamin E sch\u00fctzt die Haut vor Oxidation und freien Radikalen, die eine vorzeitige Hautalterung verursachen. Die Inhaltsstoffe wirken sich zudem wohltuend auf die Hautmikroflora aus und sorgen f\u00fcr eine ausgeglichene und matte Haut.<\/p>","protected":false},"excerpt":{"rendered":"<p>Die Pflege der Mischhaut ist eine der kompliziertesten, da wir uns um zwei verschiedene Hauttypen k\u00fcmmern m\u00fcssen. An manchen Stellen ist es extrem trocken, an anderen aber gleichzeitig \u00f6lig, wozu man bis zu zwei unterschiedliche Cremes braucht.<\/p>\n<p><strong>Die SKINOVAGE Balancing Creme pflegt Mischhaut sehr gezielt und bringt sie ins Gleichgewicht.<\/strong><\/p>","protected":false},"featured_media":23367,"template":"","meta":[],"product_cat":[202,203],"product_tag":[],"class_list":["post-23206","product","type-product","status-publish","has-post-thumbnail","hentry","product_cat-babor","product_cat-kreme-za-obraz"],"_links":{"self":[{"href":"https:\/\/saroiv.com\/de\/wp-json\/wp\/v2\/product\/23206","targetHints":{"allow":["GET"]}}],"collection":[{"href":"https:\/\/saroiv.com\/de\/wp-json\/wp\/v2\/product"}],"about":[{"href":"https:\/\/saroiv.com\/de\/wp-json\/wp\/v2\/types\/product"}],"wp:featuredmedia":[{"embeddable":true,"href":"https:\/\/saroiv.com\/de\/wp-json\/wp\/v2\/media\/23367"}],"wp:attachment":[{"href":"https:\/\/saroiv.com\/de\/wp-json\/wp\/v2\/media?parent=23206"}],"wp:term":[{"taxonomy":"product_cat","embeddable":true,"href":"https:\/\/saroiv.com\/de\/wp-json\/wp\/v2\/product_cat?post=23206"},{"taxonomy":"product_tag","embeddable":true,"href":"https:\/\/saroiv.com\/de\/wp-json\/wp\/v2\/product_tag?post=23206"}],"curies":[{"name":"wp","href":"https:\/\/api.w.org\/{rel}","templated":true}]}}