{"id":23209,"date":"2023-11-22T09:24:37","date_gmt":"2023-11-22T08:24:37","guid":{"rendered":"https:\/\/saroiv.com\/product\/skinovage-calming-cream-50-ml\/"},"modified":"2025-01-12T15:16:48","modified_gmt":"2025-01-12T14:16:48","slug":"skinovage-calming-cream-50-ml","status":"publish","type":"product","link":"https:\/\/saroiv.com\/de\/product\/skinovage-calming-cream-50-ml\/","title":{"rendered":"Skinovage Beruhigungscreme, 50 ml"},"content":{"rendered":"<p>Die Creme st\u00e4rkt die nat\u00fcrlichen Schutzmechanismen der Haut und reduziert ihre \u00dcberempfindlichkeit. Die Creme bietet der Haut zus\u00e4tzlichen Schutz vor \u00e4u\u00dferen Einfl\u00fcssen und versorgt sie mit wichtigen Inhaltsstoffen.<\/p>","protected":false},"excerpt":{"rendered":"<p><strong>SKINOVAGE Beruhigungscreme ist die Basis f\u00fcr die Pflege empfindlicher Haut. <\/strong>da es intensiv beruhigt, pflegt und R\u00f6tungen, Hautirritationen und ein unangenehmes Spannungsgef\u00fchl reduziert.<\/p>","protected":false},"featured_media":23363,"template":"","meta":[],"product_cat":[202,203],"product_tag":[],"class_list":["post-23209","product","type-product","status-publish","has-post-thumbnail","hentry","product_cat-babor","product_cat-kreme-za-obraz"],"_links":{"self":[{"href":"https:\/\/saroiv.com\/de\/wp-json\/wp\/v2\/product\/23209","targetHints":{"allow":["GET"]}}],"collection":[{"href":"https:\/\/saroiv.com\/de\/wp-json\/wp\/v2\/product"}],"about":[{"href":"https:\/\/saroiv.com\/de\/wp-json\/wp\/v2\/types\/product"}],"wp:featuredmedia":[{"embeddable":true,"href":"https:\/\/saroiv.com\/de\/wp-json\/wp\/v2\/media\/23363"}],"wp:attachment":[{"href":"https:\/\/saroiv.com\/de\/wp-json\/wp\/v2\/media?parent=23209"}],"wp:term":[{"taxonomy":"product_cat","embeddable":true,"href":"https:\/\/saroiv.com\/de\/wp-json\/wp\/v2\/product_cat?post=23209"},{"taxonomy":"product_tag","embeddable":true,"href":"https:\/\/saroiv.com\/de\/wp-json\/wp\/v2\/product_tag?post=23209"}],"curies":[{"name":"wp","href":"https:\/\/api.w.org\/{rel}","templated":true}]}}