{"id":23210,"date":"2023-11-22T09:24:37","date_gmt":"2023-11-22T08:24:37","guid":{"rendered":"https:\/\/saroiv.com\/product\/skinovage-calming-serum-30-ml\/"},"modified":"2025-01-12T15:17:44","modified_gmt":"2025-01-12T14:17:44","slug":"skinovage-calming-serum-30-ml","status":"publish","type":"product","link":"https:\/\/saroiv.com\/de\/product\/skinovage-calming-serum-30-ml\/","title":{"rendered":"Skinovage Beruhigendes Serum, 30 ml"},"content":{"rendered":"","protected":false},"excerpt":{"rendered":"<p><strong>SKINOVAGE Beruhigendes Serum ist die Basis f\u00fcr die Pflege empfindlicher Haut. <\/strong>da es intensiv beruhigt, pflegt und R\u00f6tungen, Hautirritationen und ein unangenehmes Spannungsgef\u00fchl reduziert<strong>.<\/strong><\/p>\n<p>Das Serum st\u00e4rkt die nat\u00fcrlichen Schutzmechanismen der Haut und reduziert ihre \u00dcberempfindlichkeit.<\/p>","protected":false},"featured_media":23338,"template":"","meta":[],"product_cat":[202,204],"product_tag":[],"class_list":["post-23210","product","type-product","status-publish","has-post-thumbnail","hentry","product_cat-babor","product_cat-serumi"],"_links":{"self":[{"href":"https:\/\/saroiv.com\/de\/wp-json\/wp\/v2\/product\/23210","targetHints":{"allow":["GET"]}}],"collection":[{"href":"https:\/\/saroiv.com\/de\/wp-json\/wp\/v2\/product"}],"about":[{"href":"https:\/\/saroiv.com\/de\/wp-json\/wp\/v2\/types\/product"}],"wp:featuredmedia":[{"embeddable":true,"href":"https:\/\/saroiv.com\/de\/wp-json\/wp\/v2\/media\/23338"}],"wp:attachment":[{"href":"https:\/\/saroiv.com\/de\/wp-json\/wp\/v2\/media?parent=23210"}],"wp:term":[{"taxonomy":"product_cat","embeddable":true,"href":"https:\/\/saroiv.com\/de\/wp-json\/wp\/v2\/product_cat?post=23210"},{"taxonomy":"product_tag","embeddable":true,"href":"https:\/\/saroiv.com\/de\/wp-json\/wp\/v2\/product_tag?post=23210"}],"curies":[{"name":"wp","href":"https:\/\/api.w.org\/{rel}","templated":true}]}}