{"id":23211,"date":"2023-11-22T09:24:39","date_gmt":"2023-11-22T08:24:39","guid":{"rendered":"https:\/\/saroiv.com\/product\/skinovage-moist-lipid-cream-50-ml\/"},"modified":"2025-01-12T14:08:42","modified_gmt":"2025-01-12T13:08:42","slug":"skinovage-moist-lipid-cream-50-ml","status":"publish","type":"product","link":"https:\/\/saroiv.com\/de\/product\/skinovage-moist-lipid-cream-50-ml\/","title":{"rendered":"Skinovage Moist + Lipid Cream, 50 ml"},"content":{"rendered":"<p><strong>Die Creme enth\u00e4lt einen Extrakt aus Rotalgen, der die hauteigene Produktion von Lipiden und Ceramiden anregt,<\/strong> die f\u00fcr eine gesunde Hautschutzbarriere unbedingt notwendig sind. Dadurch wird die Haut besser vor \u00e4u\u00dferen Einfl\u00fcssen gesch\u00fctzt und auch der transepidermale Wasserverlust wird reduziert. Das Ergebnis: Die Haut wird besser mit Feuchtigkeit versorgt, da sich ihre F\u00e4higkeit, Feuchtigkeit zu speichern, verbessert. Rotalgenextrakt regt au\u00dferdem die Produktion von Hyalurons\u00e4ure in der Haut an, die feuchtigkeitsspendend wirkt.<\/p>\n<p><strong>Alpenrosenextrakt<\/strong> unterst\u00fctzt den Abtransport von Schadstoffen aus der Haut und sch\u00fctzt die Haut zudem vor oxidativem Stress und damit vor vorzeitiger Hautalterung. Die feuchtigkeitsspendende Wirkung der Creme wird durch marine Polysaccharide verst\u00e4rkt, die zudem die Haut beruhigen und sch\u00fctzen.<\/p>\n<p>Die Wirkung der reichhaltigen Feuchtigkeitscreme SKINOVAGE wird durch Inhaltsstoffe wie Sheabutter, Squalan (aus Oliven gewonnen), Jojoba\u00f6l und Vitamin E (das hauteigene Antioxidans) verst\u00e4rkt, die die nat\u00fcrlichen Schutzfunktionen der Haut und ihre Barriere st\u00e4rken. Panthenol beruhigt die Haut.<\/p>","protected":false},"excerpt":{"rendered":"<p>In den meisten F\u00e4llen mangelt es trockener Haut an wichtigen Lipiden, die f\u00fcr die Feuchtigkeitsspeicherung der Haut entscheidend sind. Deshalb ist es so <strong>Die reichhaltige Feuchtigkeitscreme SKINOVAGE eignet sich perfekt f\u00fcr sehr trockene und dehydrierte Haut, da sie sie intensiv mit Feuchtigkeit versorgt und mit Lipiden pflegt.<\/strong><\/p>","protected":false},"featured_media":23309,"template":"","meta":[],"product_cat":[202,203],"product_tag":[],"class_list":["post-23211","product","type-product","status-publish","has-post-thumbnail","hentry","product_cat-babor","product_cat-kreme-za-obraz"],"_links":{"self":[{"href":"https:\/\/saroiv.com\/de\/wp-json\/wp\/v2\/product\/23211","targetHints":{"allow":["GET"]}}],"collection":[{"href":"https:\/\/saroiv.com\/de\/wp-json\/wp\/v2\/product"}],"about":[{"href":"https:\/\/saroiv.com\/de\/wp-json\/wp\/v2\/types\/product"}],"wp:featuredmedia":[{"embeddable":true,"href":"https:\/\/saroiv.com\/de\/wp-json\/wp\/v2\/media\/23309"}],"wp:attachment":[{"href":"https:\/\/saroiv.com\/de\/wp-json\/wp\/v2\/media?parent=23211"}],"wp:term":[{"taxonomy":"product_cat","embeddable":true,"href":"https:\/\/saroiv.com\/de\/wp-json\/wp\/v2\/product_cat?post=23211"},{"taxonomy":"product_tag","embeddable":true,"href":"https:\/\/saroiv.com\/de\/wp-json\/wp\/v2\/product_tag?post=23211"}],"curies":[{"name":"wp","href":"https:\/\/api.w.org\/{rel}","templated":true}]}}