{"id":23215,"date":"2023-11-22T09:24:39","date_gmt":"2023-11-22T08:24:39","guid":{"rendered":"https:\/\/saroiv.com\/product\/skinovage-purifying-cream-rich-50-ml\/"},"modified":"2025-01-12T14:37:00","modified_gmt":"2025-01-12T13:37:00","slug":"skinovage-purifying-cream-rich-50-ml","status":"publish","type":"product","link":"https:\/\/saroiv.com\/de\/product\/skinovage-purifying-cream-rich-50-ml\/","title":{"rendered":"Skinovage Purifying Cream Rich, 50 ml"},"content":{"rendered":"<p>Die in der Creme enthaltenen Bioflavonoide regulieren die Talgsekretion und sorgen f\u00fcr den Peeling-Prozess auf der Hautoberfl\u00e4che, wodurch die Entstehung neuer Unregelm\u00e4\u00dfigkeiten verhindert wird. Dieser Effekt zus\u00e4tzlich <strong>regt die Hautregeneration an, beschleunigt die Heilung von Akne und reduziert Hautirritationen.<\/strong> Dadurch ist die Haut reiner und frischer.<\/p>\n<p>Bioflavonoide helfen bei der Regulierung der Hautmikroflora, was sich langfristig auf die Hautgesundheit auswirkt. Reisst\u00e4rke als Wirkstoff ist sichtbar <strong>mattiert die Haut,<\/strong> dass es dadurch nicht aufleuchtet.<\/p>\n<p>Um ein Austrocknen der Haut durch die Verwendung mattierender und talgregulierender Inhaltsstoffe zu verhindern, enth\u00e4lt die Creme au\u00dferdem Biosaccharide, die feuchtigkeitsspendend wirken. Alpenrosenextrakt unterst\u00fctzt den Abtransport von Schadstoffen aus der Haut und sch\u00fctzt die Haut zudem vor oxidativem Stress und damit vor vorzeitiger Hautalterung.<\/p>\n<p>Die feuchtigkeitsspendende Wirkung der Creme wird durch marine Polysaccharide verst\u00e4rkt <strong>au\u00dferdem beruhigt und sch\u00fctzt es die Haut.<\/strong> Die Creme ist au\u00dferdem mit Vitamin E angereichert, das die Haut vor Oxidation und freien Radikalen sch\u00fctzt, die zu vorzeitiger Hautalterung f\u00fchren, w\u00e4hrend Panthenol die Haut beruhigt und entz\u00fcndungshemmend wirkt <strong>Pickel heilen schneller.<\/strong> Die Haut wird zus\u00e4tzlich durch Mandel\u00f6l und feuchtigkeitsspendende Derivate des Oliven\u00f6ls gepflegt.<\/p>","protected":false},"excerpt":{"rendered":"<p>Fettige, zu Akne neigende Haut hat vergr\u00f6\u00dferte Poren, gl\u00e4nzt \u00fcberm\u00e4\u00dfig und neigt zu Unreinheiten. Diese Haut ben\u00f6tigt eine spezielle Pflege, die die Entstehung von Unregelm\u00e4\u00dfigkeiten reduziert.<\/p>\n<p><strong>Daf\u00fcr sorgt die SKINOVAGE Purifying Rich Cream, die mit ihrer ausgefeilten Formulierung eine \u00fcberm\u00e4\u00dfige Talgsekretion, die Zahl der Pickel und Hautirritationen wirksam reduziert.<\/strong> Nach der Anwendung ist die Haut frisch und ohne \u00fcberm\u00e4\u00dfigen Glanz.<\/p>","protected":false},"featured_media":23370,"template":"","meta":[],"product_cat":[202,203],"product_tag":[],"class_list":["post-23215","product","type-product","status-publish","has-post-thumbnail","hentry","product_cat-babor","product_cat-kreme-za-obraz"],"_links":{"self":[{"href":"https:\/\/saroiv.com\/de\/wp-json\/wp\/v2\/product\/23215","targetHints":{"allow":["GET"]}}],"collection":[{"href":"https:\/\/saroiv.com\/de\/wp-json\/wp\/v2\/product"}],"about":[{"href":"https:\/\/saroiv.com\/de\/wp-json\/wp\/v2\/types\/product"}],"wp:featuredmedia":[{"embeddable":true,"href":"https:\/\/saroiv.com\/de\/wp-json\/wp\/v2\/media\/23370"}],"wp:attachment":[{"href":"https:\/\/saroiv.com\/de\/wp-json\/wp\/v2\/media?parent=23215"}],"wp:term":[{"taxonomy":"product_cat","embeddable":true,"href":"https:\/\/saroiv.com\/de\/wp-json\/wp\/v2\/product_cat?post=23215"},{"taxonomy":"product_tag","embeddable":true,"href":"https:\/\/saroiv.com\/de\/wp-json\/wp\/v2\/product_tag?post=23215"}],"curies":[{"name":"wp","href":"https:\/\/api.w.org\/{rel}","templated":true}]}}