{"id":23216,"date":"2023-11-22T09:24:39","date_gmt":"2023-11-22T08:24:39","guid":{"rendered":"https:\/\/saroiv.com\/product\/skinovage-purifying-cream-50-ml\/"},"modified":"2025-01-12T14:38:22","modified_gmt":"2025-01-12T13:38:22","slug":"skinovage-purifying-cream-50-ml","status":"publish","type":"product","link":"https:\/\/saroiv.com\/de\/product\/skinovage-purifying-cream-50-ml\/","title":{"rendered":"Skinovage Reinigungscreme, 50 ml"},"content":{"rendered":"<p>Die in der Creme enthaltenen Bioflavonoide regulieren die Talgsekretion und sorgen f\u00fcr den Peelingprozess auf der Hautoberfl\u00e4che, wodurch die Entstehung neuer Unregelm\u00e4\u00dfigkeiten verhindert wird. Dieser Effekt zus\u00e4tzlich <strong>regt die Hautregeneration an, beschleunigt die Heilung von Akne und reduziert Hautirritationen.<\/strong> Dadurch ist die Haut reiner und frischer.<\/p>\n<p>Bioflavonoide helfen bei der Regulierung der Hautmikroflora, was sich langfristig auf die Hautgesundheit auswirkt. Reisst\u00e4rke als Wirkstoff ist sichtbar <strong>mattiert die Haut, so dass sie nicht gl\u00e4nzt.<\/strong><\/p>\n<p>Um ein Austrocknen der Haut durch die Verwendung mattierender und talgregulierender Inhaltsstoffe zu verhindern, enth\u00e4lt die Creme au\u00dferdem Biosaccharide, die feuchtigkeitsspendend wirken. Alpenrosenextrakt unterst\u00fctzt den Abtransport von Schadstoffen aus der Haut und sch\u00fctzt die Haut zudem vor oxidativem Stress und damit vor vorzeitiger Hautalterung.<\/p>\n<p>Die feuchtigkeitsspendende Wirkung der Creme wird durch marine Polysaccharide verst\u00e4rkt <strong>au\u00dferdem beruhigt und sch\u00fctzt es die Haut.<\/strong> Die Creme ist au\u00dferdem mit Vitamin E angereichert, das die Haut vor Oxidation und freien Radikalen sch\u00fctzt, die zu vorzeitiger Hautalterung f\u00fchren, w\u00e4hrend Panthenol die Haut beruhigt und entz\u00fcndungshemmend wirkt <strong>Pickel heilen schneller.<\/strong><\/p>","protected":false},"excerpt":{"rendered":"<p>Fettige, zu Akne neigende Haut hat vergr\u00f6\u00dferte Poren, gl\u00e4nzt \u00fcberm\u00e4\u00dfig und neigt zu Unreinheiten. Diese Haut ben\u00f6tigt eine spezielle Pflege, die die Bildung von Pickeln reduziert.<\/p>\n<p>Daf\u00fcr ist es gedacht <strong>SKINOVAGE Reinigungscreme, die mit ihrer ausgefeilten Formulierung die \u00fcberm\u00e4\u00dfige Talgsekretion, die Anzahl der Pickel und Hautirritationen wirksam reduziert.<\/strong><\/p>","protected":false},"featured_media":23369,"template":"","meta":[],"product_cat":[202,203],"product_tag":[],"class_list":["post-23216","product","type-product","status-publish","has-post-thumbnail","hentry","product_cat-babor","product_cat-kreme-za-obraz"],"_links":{"self":[{"href":"https:\/\/saroiv.com\/de\/wp-json\/wp\/v2\/product\/23216","targetHints":{"allow":["GET"]}}],"collection":[{"href":"https:\/\/saroiv.com\/de\/wp-json\/wp\/v2\/product"}],"about":[{"href":"https:\/\/saroiv.com\/de\/wp-json\/wp\/v2\/types\/product"}],"wp:featuredmedia":[{"embeddable":true,"href":"https:\/\/saroiv.com\/de\/wp-json\/wp\/v2\/media\/23369"}],"wp:attachment":[{"href":"https:\/\/saroiv.com\/de\/wp-json\/wp\/v2\/media?parent=23216"}],"wp:term":[{"taxonomy":"product_cat","embeddable":true,"href":"https:\/\/saroiv.com\/de\/wp-json\/wp\/v2\/product_cat?post=23216"},{"taxonomy":"product_tag","embeddable":true,"href":"https:\/\/saroiv.com\/de\/wp-json\/wp\/v2\/product_tag?post=23216"}],"curies":[{"name":"wp","href":"https:\/\/api.w.org\/{rel}","templated":true}]}}